{"id":2,"date":"2023-06-08T18:16:11","date_gmt":"2023-06-08T18:16:11","guid":{"rendered":"http:\/\/www.vorbad.dk\/?page_id=2"},"modified":"2023-06-27T18:44:06","modified_gmt":"2023-06-27T18:44:06","slug":"ideen","status":"publish","type":"page","link":"https:\/\/www.vorbad.dk\/?page_id=2","title":{"rendered":"Id\u00e9en"},"content":{"rendered":"\n<div class=\"wp-block-columns is-layout-flex wp-container-core-columns-is-layout-9d6595d7 wp-block-columns-is-layout-flex\">\n<div class=\"wp-block-column is-layout-flow wp-block-column-is-layout-flow\">\n<ul class=\"wp-block-list\">\n<li>Hasle Havnebad \u2013 et f\u00e6lles samlingspunkt for hele byen og velbes\u00f8gt af sommerturister i alle aldre.<\/li>\n\n\n\n<li>L\u00f8sning p\u00e5 ordentlige faciliteter for vinterbaderne i Vordingborg.<\/li>\n\n\n\n<li>Et f\u00e6lles samlingspunkt der b\u00e5de henvender sig til foreninger, borgere og turister.<\/li>\n\n\n\n<li>Udnytte at Vordingborg Kommune har Danmarks l\u00e6ngste kystlinje og skabe liv og f\u00e6lles milj\u00f8 p\u00e5 havnen.<\/li>\n\n\n\n<li>Fokus p\u00e5 hvad byn\u00e6re vandsportsaktiviteter konkret kan indeholde til vands og p\u00e5 land.<\/li>\n\n\n\n<li>Fokus p\u00e5 en samment\u00e6nkning af vandsportsaktiviteter med byudvikling af Vordingborg Sydhavn.<\/li>\n<\/ul>\n<\/div>\n\n\n\n<div class=\"wp-block-column is-layout-flow wp-block-column-is-layout-flow\">\n<p>Mange byer har i dag f\u00e5et opf\u00f8rt et havnebad ved stranden eller i havnen med stor succes. Havnebade tilf\u00f8rer stranden eller havnen de ligger ved et nyt rum og giver stedet en ekstra dimension af oplevelsesm\u00e6ssig karakter, som mange nyder stor gl\u00e6de af. Is\u00e6r placeringerne i havnene giver god mening, da der i forvejen er gode muligheder for udvikling og forandring her. Dette er ogs\u00e5 g\u00e6ldende for Sydhavnen i Vordingborg, som gennem de sidste 100 \u00e5r har oplevet store forandringer. Fra at havnen var en lille fiskerihavn udviklede den sig til at v\u00e6re en industrihavn, med flere store produktioner og depoter omkring sig. Men som mange andre havne, s\u00e5 flyttede industrien v\u00e6k fra vandet, og havnen er i dag et boligomr\u00e5de i Vordingborg, men stadig under udvikling. Boligblokke med lejligheder bliver opf\u00f8rt, og byens kulturhus med musikskole, bibliotek og lokalhistorisk arkiv er placeret her. Havnen bliver flittigt brugt; som et udflugtssted eller af de mange forskellige vandsportsforeninger, der h\u00f8rer til i Vordingborg. Omr\u00e5det er ogs\u00e5 hjem for mange af de brobyggere, der hj\u00e6lper til med at opf\u00f8re den nye Storstr\u00f8msbro mellem Masned\u00f8 og Falster. Senest er et flydende hotel lagt til havnepromenaden, som skal fungere hjem for ca. 300 brobyggere.<\/p>\n\n\n\n<p>Et havnebad i Sydhavnen skal derfor v\u00e6re et f\u00e6lles midtpunkt for turister, borgere og brobyggere. Havnebadet skal v\u00e6re rummeligt, og der skal tages hensyn til alle de mange flittige brugere, som i forvejen benytter sig af havnen.<\/p>\n\n\n\n<p>Omr\u00e5det omkring havnebadet og den brede havnepromenade skal flankeres af et karaktergivende sidde- og opholdsm\u00f8bel, som udformes i beton i stil med klipper. Klipperne kan grundet sine forskellige former og h\u00f8jder anvendes i forbindelse med udspring fra havnepromenaden, til afslapning, tr\u00e6ning, udstr\u00e6kning og leg og til at bev\u00e6ge sig rundt p\u00e5, igennem og imellem.<\/p>\n<\/div>\n<\/div>\n","protected":false},"excerpt":{"rendered":"<p>Mange byer har i dag f\u00e5et opf\u00f8rt et havnebad ved stranden eller i havnen med stor succes. Havnebade tilf\u00f8rer stranden eller havnen de ligger ved et nyt rum og giver stedet en ekstra dimension af oplevelsesm\u00e6ssig karakter, som mange nyder stor gl\u00e6de af. Is\u00e6r placeringerne i havnene giver god mening, da der i forvejen er [&hellip;]<\/p>\n","protected":false},"author":1,"featured_media":0,"parent":15,"menu_order":0,"comment_status":"closed","ping_status":"closed","template":"","meta":{"footnotes":""},"class_list":["post-2","page","type-page","status-publish","hentry"],"_links":{"self":[{"href":"https:\/\/www.vorbad.dk\/index.php?rest_route=\/wp\/v2\/pages\/2","targetHints":{"allow":["GET"]}}],"collection":[{"href":"https:\/\/www.vorbad.dk\/index.php?rest_route=\/wp\/v2\/pages"}],"about":[{"href":"https:\/\/www.vorbad.dk\/index.php?rest_route=\/wp\/v2\/types\/page"}],"author":[{"embeddable":true,"href":"https:\/\/www.vorbad.dk\/index.php?rest_route=\/wp\/v2\/users\/1"}],"replies":[{"embeddable":true,"href":"https:\/\/www.vorbad.dk\/index.php?rest_route=%2Fwp%2Fv2%2Fcomments&post=2"}],"version-history":[{"count":5,"href":"https:\/\/www.vorbad.dk\/index.php?rest_route=\/wp\/v2\/pages\/2\/revisions"}],"predecessor-version":[{"id":161,"href":"https:\/\/www.vorbad.dk\/index.php?rest_route=\/wp\/v2\/pages\/2\/revisions\/161"}],"up":[{"embeddable":true,"href":"https:\/\/www.vorbad.dk\/index.php?rest_route=\/wp\/v2\/pages\/15"}],"wp:attachment":[{"href":"https:\/\/www.vorbad.dk\/index.php?rest_route=%2Fwp%2Fv2%2Fmedia&parent=2"}],"curies":[{"name":"wp","href":"https:\/\/api.w.org\/{rel}","templated":true}]}}