{"id":166,"date":"2023-06-27T18:49:15","date_gmt":"2023-06-27T18:49:15","guid":{"rendered":"http:\/\/www.vorbad.dk\/?page_id=166"},"modified":"2023-07-08T18:11:45","modified_gmt":"2023-07-08T18:11:45","slug":"placering-i-sydhavnen","status":"publish","type":"page","link":"https:\/\/www.vorbad.dk\/?page_id=166","title":{"rendered":"Placering i Sydhavnen"},"content":{"rendered":"\n<div class=\"wp-block-columns is-layout-flex wp-container-core-columns-is-layout-9d6595d7 wp-block-columns-is-layout-flex\">\n<div class=\"wp-block-column is-layout-flow wp-block-column-is-layout-flow\" style=\"flex-basis:33.33%\"><a class='block_circle lightbox' href='https:\/\/www.vorbad.dk\/wp-content\/uploads\/2023\/06\/Placering.png'><div style='background:url(https:\/\/www.vorbad.dk\/wp-content\/uploads\/2023\/06\/Placering.png) no-repeat center; background-size: cover; height: 300px; width: 300px;' title='Placeringen af havnebadet i Sydhavnen.'><\/div><\/a><\/div>\n\n\n\n<div class=\"wp-block-column is-layout-flow wp-block-column-is-layout-flow\" style=\"flex-basis:66.66%\">\n<p>Gode muligheder for udspring og en vandkvalitet i top har v\u00e6ret vigtige parametre for valget af havnebadets placering. Det har ogs\u00e5 v\u00e6ret vigtigt at finde en placering, hvor alle nemt kan komme til og fra, og hvor der allerede er udvikling og en masse potentiale i hele omr\u00e5det. Den eksisterende anl\u00f8bsbro og havnepromenade bliver flittigt brugt til badning og fiskeri, og et havnebad vil kun \u00f8ge interessen for dette.<\/p>\n\n\n\n<p>Med fokus p\u00e5 de kvaliteter og s\u00e6rlige oplevelser, som man typisk finder i et havnemilj\u00f8, er Sydhavnen et vigtigt omr\u00e5de at videreudvikle. Vordingborg Kommune har allerede fokus p\u00e5 omr\u00e5det grundet beliggenheden og de maritime omgivelser, hvilket skal udnyttes og styrkes. Sydhavnen skal g\u00f8res endnu mere attraktiv samt bruger- og publikumsvenligt med respekt for det eksisterende havnemilj\u00f8.<\/p>\n<\/div>\n<\/div>\n\n\n\n<div class=\"wp-block-columns is-layout-flex wp-container-core-columns-is-layout-9d6595d7 wp-block-columns-is-layout-flex\">\n<div class=\"wp-block-column is-layout-flow wp-block-column-is-layout-flow\" style=\"flex-basis:66.66%\">\n<p>Sydhavnen kan tilbyde aktiviteter, der underst\u00f8ttes af det mere \u00e5bne og industrielle havnemilj\u00f8 med dybt vand. Det er dykning, snorkling, vandscooter, motorb\u00e5dssejlads, vandski mv. I kommunens handleplan bliver Sydhavnen j\u00e6vnligt n\u00e6vnt, som et omr\u00e5de, der kan styrke Vordingborg med mulighed for etablering af hotel, natur- og havformidlingscenter, dykkerbaner og kabelpark mv.<\/p>\n\n\n\n<p>Der er allerede udformet en n\u00e6nsom plan for omr\u00e5det, der respekterer, tilgodeser og bevarer eksisterende lokale milj\u00f8er og s\u00e6rlige tr\u00e6k i et kontrastrigt men harmonisk samspil med nye. Med en beliggenhed i Sydhavnen vil havnebadet bidrage til en ny epoke i Sydhavnens lange historie og evige udvikling.<\/p>\n<\/div>\n\n\n\n<div class=\"wp-block-column is-layout-flow wp-block-column-is-layout-flow\" style=\"flex-basis:33.33%\"><a class='block_circle lightbox' href='https:\/\/www.vorbad.dk\/wp-content\/uploads\/2023\/06\/Vanddybde.png'><div style='background:url(https:\/\/www.vorbad.dk\/wp-content\/uploads\/2023\/06\/Vanddybde.png) no-repeat center; background-size: cover; height: 300px; width: 300px;' title='Vanddybderne omkring Vordingborg by er meget lave, og derfor er Sydhavnen med en vanddybde p\u00e5 8-10 meter ideel for et havnebad. Vanddybden giver god mulighed for udspring og god vandkvalitet.'><\/div><\/a><\/div>\n<\/div>\n","protected":false},"excerpt":{"rendered":"<p>Gode muligheder for udspring og en vandkvalitet i top har v\u00e6ret vigtige parametre for valget af havnebadets placering. Det har ogs\u00e5 v\u00e6ret vigtigt at finde en placering, hvor alle nemt kan komme til og fra, og hvor der allerede er udvikling og en masse potentiale i hele omr\u00e5det. Den eksisterende anl\u00f8bsbro og havnepromenade bliver flittigt [&hellip;]<\/p>\n","protected":false},"author":1,"featured_media":0,"parent":15,"menu_order":0,"comment_status":"closed","ping_status":"closed","template":"","meta":{"footnotes":""},"class_list":["post-166","page","type-page","status-publish","hentry"],"_links":{"self":[{"href":"https:\/\/www.vorbad.dk\/index.php?rest_route=\/wp\/v2\/pages\/166","targetHints":{"allow":["GET"]}}],"collection":[{"href":"https:\/\/www.vorbad.dk\/index.php?rest_route=\/wp\/v2\/pages"}],"about":[{"href":"https:\/\/www.vorbad.dk\/index.php?rest_route=\/wp\/v2\/types\/page"}],"author":[{"embeddable":true,"href":"https:\/\/www.vorbad.dk\/index.php?rest_route=\/wp\/v2\/users\/1"}],"replies":[{"embeddable":true,"href":"https:\/\/www.vorbad.dk\/index.php?rest_route=%2Fwp%2Fv2%2Fcomments&post=166"}],"version-history":[{"count":3,"href":"https:\/\/www.vorbad.dk\/index.php?rest_route=\/wp\/v2\/pages\/166\/revisions"}],"predecessor-version":[{"id":210,"href":"https:\/\/www.vorbad.dk\/index.php?rest_route=\/wp\/v2\/pages\/166\/revisions\/210"}],"up":[{"embeddable":true,"href":"https:\/\/www.vorbad.dk\/index.php?rest_route=\/wp\/v2\/pages\/15"}],"wp:attachment":[{"href":"https:\/\/www.vorbad.dk\/index.php?rest_route=%2Fwp%2Fv2%2Fmedia&parent=166"}],"curies":[{"name":"wp","href":"https:\/\/api.w.org\/{rel}","templated":true}]}}