{"id":16,"date":"2023-06-11T19:27:27","date_gmt":"2023-06-11T19:27:27","guid":{"rendered":"http:\/\/www.vorbad.dk\/?page_id=16"},"modified":"2025-01-11T08:53:51","modified_gmt":"2025-01-11T08:53:51","slug":"tilmeld","status":"publish","type":"page","link":"https:\/\/www.vorbad.dk\/?page_id=16","title":{"rendered":"Tilmelding"},"content":{"rendered":"\n<p>Hvis du synes om det du har set og l\u00e6st, s\u00e5 bliv en del af Vordingborg Havnebad som medlem, ved at udfylde formularen. Som medlem bliver man indkaldt til generalforsamling og vil modtage nyhedsbreve.<\/p>\n\n\n\n<p>Et medlemskab koster 200 kr. om \u00e5ret.<\/p>\n\n\n\n<p>Husk at l\u00e6se mere i vores <a href=\"https:\/\/www.vorbad.dk\/?page_id=440\" data-type=\"link\" data-id=\"https:\/\/www.vorbad.dk\/?page_id=440\">vedt\u00e6gter<\/a> omkring medlemskab.<\/p>\n","protected":false},"excerpt":{"rendered":"<p>Hvis du synes om det du har set og l\u00e6st, s\u00e5 bliv en del af Vordingborg Havnebad som medlem, ved at udfylde formularen. Som medlem bliver man indkaldt til generalforsamling og vil modtage nyhedsbreve. Et medlemskab koster 200 kr. om \u00e5ret. Husk at l\u00e6se mere i vores vedt\u00e6gter omkring medlemskab.<\/p>\n","protected":false},"author":1,"featured_media":0,"parent":0,"menu_order":0,"comment_status":"closed","ping_status":"closed","template":"template-parts\/content-signup.php","meta":{"footnotes":""},"class_list":["post-16","page","type-page","status-publish","hentry"],"_links":{"self":[{"href":"https:\/\/www.vorbad.dk\/index.php?rest_route=\/wp\/v2\/pages\/16","targetHints":{"allow":["GET"]}}],"collection":[{"href":"https:\/\/www.vorbad.dk\/index.php?rest_route=\/wp\/v2\/pages"}],"about":[{"href":"https:\/\/www.vorbad.dk\/index.php?rest_route=\/wp\/v2\/types\/page"}],"author":[{"embeddable":true,"href":"https:\/\/www.vorbad.dk\/index.php?rest_route=\/wp\/v2\/users\/1"}],"replies":[{"embeddable":true,"href":"https:\/\/www.vorbad.dk\/index.php?rest_route=%2Fwp%2Fv2%2Fcomments&post=16"}],"version-history":[{"count":90,"href":"https:\/\/www.vorbad.dk\/index.php?rest_route=\/wp\/v2\/pages\/16\/revisions"}],"predecessor-version":[{"id":482,"href":"https:\/\/www.vorbad.dk\/index.php?rest_route=\/wp\/v2\/pages\/16\/revisions\/482"}],"wp:attachment":[{"href":"https:\/\/www.vorbad.dk\/index.php?rest_route=%2Fwp%2Fv2%2Fmedia&parent=16"}],"curies":[{"name":"wp","href":"https:\/\/api.w.org\/{rel}","templated":true}]}}