{"id":15,"date":"2023-06-11T19:27:27","date_gmt":"2023-06-11T19:27:27","guid":{"rendered":"http:\/\/www.vorbad.dk\/?page_id=15"},"modified":"2023-12-02T14:27:26","modified_gmt":"2023-12-02T14:27:26","slug":"havnebadet","status":"publish","type":"page","link":"https:\/\/www.vorbad.dk\/?page_id=15","title":{"rendered":"Havnebadet"},"content":{"rendered":"\n<p>Havnebadet skal indrettes til badning, ophold og fiskeri. Havnebadet er en udvidelse af den eksisterende anl\u00f8bsbro, som udvides med en ny fast b\u00f8lgeformet bro. P\u00e5 broen skal v\u00e6re en aflang servicebygning, som indeholder omkl\u00e6dning, bad, toilet og sauna. Der skal v\u00e6re en \u201cflyvende\u201d tribune, hvorfra man kan f\u00f8lge med i alt omkring havnebadet eller bare ligge og slappe af. For sm\u00e5 og store vovehalse skal der v\u00e6re 1-3-5 meter udspring, der skal give udfordringer og et sug i maven. Fra servicebygning og ned til det store sv\u00f8mmebassin skal der v\u00e6re en stor bred siddetrappe, hvor man kan slappe af eller g\u00e5 ned i bassinet. For personer med nedsat bev\u00e6gelighed skal der v\u00e6re en rampe, s\u00e5 man kan k\u00f8re ned i vandet. Der skal v\u00e6re et b\u00f8rnebassin udf\u00f8rt som en flydebro, s\u00e5 bassinet f\u00e5r en konstant b\u00f8rnevenlig vanddybde. Der skal v\u00e6re mulighed for s\u00f8s\u00e6tning eller till\u00e6gning af b\u00e5d fra flydebroen mod \u00f8st.<\/p>\n\n\n\n<div class=\"wp-block-columns is-layout-flex wp-container-core-columns-is-layout-9d6595d7 wp-block-columns-is-layout-flex\">\n<div class=\"wp-block-column is-vertically-aligned-center m-auto is-layout-flow wp-block-column-is-layout-flow\" style=\"flex-basis:25%\"><div class='block_circle'><div style='background:url(https:\/\/www.vorbad.dk\/wp-content\/uploads\/2023\/07\/parkering.png) no-repeat center; background-size: cover; height: 150px; width: 150px;' title=''><\/div><\/div><\/div>\n\n\n\n<div class=\"wp-block-column is-layout-flow wp-block-column-is-layout-flow\" style=\"flex-basis:75%\">\n<h3 class=\"wp-block-heading\">Adgang og parkering<\/h3>\n\n\n\n<p>Den prim\u00e6re adgang til havnebadet sker via Marienbergvej, hvorfra havnebadet kan ses fra vejkrydset ved Volmersgade. Marienbergvej g\u00e5r over i en bred promenade ved kulturarkaden, der knytter sig til havnebadet.<\/p>\n\n\n\n<p>I omr\u00e5det omkring kulturarkaden er 35 parkeringspladser og 2 handicappladser. Parkeringspladsen er omgivet af gr\u00e6s og h\u00e6kke. Fra parkering og ned til havnebadet er der fast underlag og rampe.<\/p>\n\n\n\n<p>Mod vest skal spredte tr\u00e6er i sammenh\u00e6ng med et stort gr\u00f8nt friareal skabe forbindelse mellem boligblokkene mod \u00f8st og kulturarkaden mod vest.<\/p>\n<\/div>\n<\/div>\n\n\n\n<div class=\"wp-block-columns is-layout-flex wp-container-core-columns-is-layout-9d6595d7 wp-block-columns-is-layout-flex\">\n<div class=\"wp-block-column is-vertically-aligned-center m-auto is-layout-flow wp-block-column-is-layout-flow\" style=\"flex-basis:25%\"><div class='block_circle'><div style='background:url(https:\/\/www.vorbad.dk\/wp-content\/uploads\/2023\/07\/Tilgaengelighed.png) no-repeat center; background-size: cover; height: 150px; width: 150px;' title=''><\/div><\/div><\/div>\n\n\n\n<div class=\"wp-block-column is-layout-flow wp-block-column-is-layout-flow\" style=\"flex-basis:75%\">\n<h3 class=\"wp-block-heading\">Tilg\u00e6ngelighed<\/h3>\n\n\n\n<p>Der er niveaufri adgang til havnebadet og bassinet. En rampe fra broen skal sikre mulighed for, at personer med nedsat bev\u00e6gelighed kan komme i vandet. Bev\u00e6gelsesh\u00e6mmede kan benytte flydebroen med \u00f8st for nedstigning i b\u00e5de.<br>Omkl\u00e6dning, toilet og sauna har handicapadgang med niveaufri adgang.<\/p>\n<\/div>\n<\/div>\n\n\n\n<h3 class=\"wp-block-heading\">Livredder<\/h3>\n\n\n\n<p>I skolernes sommerferie skal der v\u00e6re livredder p\u00e5 i dagtimerne.<\/p>\n\n\n\n<h3 class=\"wp-block-heading\">Belysning<\/h3>\n\n\n\n<p>Adgangs- og havnepromenaden skal belyses med armaturer placeret omkring klipperne og de gr\u00f8nne tr\u00e6er omkring havnebadet. Servicebygningen og bassinerne skal v\u00e6re belyste. Bassinet skal ogs\u00e5 belyses under vandet. Havnebadet og det omkringliggende omr\u00e5de skal kunne fungere som m\u00e5l for g\u00e5ture hele \u00e5ret &#8211; ogs\u00e5 n\u00e5r det er m\u00f8rkt.<\/p>\n\n\n\n<div class=\"wp-block-columns is-layout-flex wp-container-core-columns-is-layout-9d6595d7 wp-block-columns-is-layout-flex\">\n<div class=\"wp-block-column is-vertically-aligned-center is-layout-flow wp-block-column-is-layout-flow\" style=\"flex-basis:25%\"><div class='block_circle'><div style='background:url(https:\/\/www.vorbad.dk\/wp-content\/uploads\/2023\/07\/Asketrae.png) no-repeat center; background-size: cover; height: 150px; width: 150px;' title=''><\/div><\/div><\/div>\n\n\n\n<div class=\"wp-block-column is-layout-flow wp-block-column-is-layout-flow\" style=\"flex-basis:66.66%\">\n<h2 class=\"wp-block-heading\">Materialevalg<\/h2>\n\n\n\n<p>Havnebadets d\u00e6k, bekl\u00e6dning, udspringst\u00e5rn og tribune skal udf\u00f8res i asketr\u00e6.<br>R\u00e6kv\u00e6rker og gel\u00e6nder udf\u00f8res i galvaniseret st\u00e5l.<\/p>\n<\/div>\n<\/div>\n\n\n\n<h3 class=\"wp-block-heading\">B\u00e6redygtighed<\/h3>\n\n\n\n<p>Valg af materialer og produkter sker ud fra et livstidsperspektiv, hvor energiforbrug, udledning af giftstoffer og anden milj\u00f8belastning vurderes.<br>Kun dansk tr\u00e6 bruges.<br>Belysning energioptimeres.<\/p>\n\n\n\n<h3 class=\"wp-block-heading\">Den faste bro<\/h3>\n\n\n\n<p>Der anvendes en fast l\u00f8sning med st\u00e5lspuns og armeret beton, s\u00e5 broen kan modst\u00e5 den st\u00e6rke str\u00f8m, som j\u00e6vnligt skifter. Selvom det snart er sj\u00e6ldent med h\u00e5rd frost og tyk is, skal broen ogs\u00e5 kunne modst\u00e5 dette, is\u00e6r n\u00e5r b\u00f8lgerne river isen l\u00f8s. Fribordet fra broens tr\u00e6d\u00e6k til vandoverfladen kan alts\u00e5 variere fra 50-150 cm.<br>Broen skal \u00f8verst p\u00e5 siderne og p\u00e5 d\u00e6kket bekl\u00e6des med dansk asketr\u00e6.<\/p>\n\n\n\n<h3 class=\"wp-block-heading\">Servicebygning<\/h3>\n\n\n\n<p>Der anvendes en let betonkonstruktion med armeret beton.<br>Indvendigt i saunaen udf\u00f8res m\u00f8bel i beton. M\u00f8bel og v\u00e6gge bekl\u00e6des med beton.<br>Bygningen bekl\u00e6des med dansk asketr\u00e6.<br>Vinduer og d\u00f8re udf\u00f8res i aluminium.<\/p>\n\n\n\n<div class=\"wp-block-columns is-layout-flex wp-container-core-columns-is-layout-9d6595d7 wp-block-columns-is-layout-flex\">\n<div class=\"wp-block-column is-vertically-aligned-center is-layout-flow wp-block-column-is-layout-flow\" style=\"flex-basis:25%\"><div class='block_circle'><div style='background:url(https:\/\/www.vorbad.dk\/wp-content\/uploads\/2023\/07\/Family.png) no-repeat center; background-size: cover; height: 150px; width: 150px;' title=''><\/div><\/div><\/div>\n\n\n\n<div class=\"wp-block-column is-layout-flow wp-block-column-is-layout-flow\" style=\"flex-basis:66.66%\">\n<h2 class=\"wp-block-heading\">B\u00f8rnebassin<\/h2>\n\n\n\n<p>Det interne bassin skal opbygges i st\u00e5l med flydepontoner st\u00f8bt i armeret beton. Pontonerne skal v\u00e6re synkefrie og celleopdelte kerner, der \u00f8ger pontonens stabilitet.<br>Broen skal fastholdes ved hj\u00e6lp af rampen ned til bassinet samt p\u00e6le forankret i havbunden.<br>Der udf\u00f8res en \u00e5ben st\u00e5lbund i bassinet med riste, der udg\u00f8r en sikker og venlig bund.<br>Fribordet fra broens tr\u00e6d\u00e6k til vandoverfladen bliver ca. 40 cm.<br>Broen skal p\u00e5 d\u00e6kket bekl\u00e6des med dansk asketr\u00e6.<br>M\u00f8bel udf\u00f8res i beton og asketr\u00e6.<\/p>\n<\/div>\n<\/div>\n\n\n\n<h3 class=\"wp-block-heading\">Tribunen og udspring<\/h3>\n\n\n\n<p>Der anvendes en st\u00e5lkonstruktion, der hviler af p\u00e5 den faste bro.<br>Konstruktionen bekl\u00e6des med dansk asketr\u00e6.<\/p>\n\n\n\n<h3 class=\"wp-block-heading\">Flydebro mod \u00f8st<\/h3>\n\n\n\n<p>Der anvendes en l\u00f8sning med flydepontoner st\u00f8bt i armeret beton. Pontonerne skal v\u00e6re synkefrie og celleopdelte kerner, der \u00f8ger pontonens stabilitet.<br>Broen skal fastholdes ved hj\u00e6lp af k\u00e6der og p\u00e6le forankret i havbunden og anl\u00f8bsbroen.<br>Fribordet fra broens tr\u00e6d\u00e6k til vandoverfladen bliver ca. 30 cm.<br>Broen skal p\u00e5 d\u00e6kket bekl\u00e6des med dansk asketr\u00e6.<\/p>\n\n\n\n<h3 class=\"wp-block-heading\">Stort bassin<\/h3>\n\n\n\n<p>Det opfyldes med sten, s\u00e5 der er en vanddybde p\u00e5 5 m. V\u00e6gge udf\u00f8res med slidsende\/\u00e5bne st\u00e5lprofiler, s\u00e5 den st\u00e6rke str\u00f8m hele tiden kan sikre en god udskiftning af vandet i bassinet.<\/p>\n\n\n\n<h3 class=\"wp-block-heading\">Arealer<\/h3>\n\n\n\n<ul class=\"wp-block-list\">\n<li>Eksisterende anl\u00f8bsbro: 550 m\u00b2<\/li>\n\n\n\n<li>Fast broanl\u00e6g : 270 m\u00b2<\/li>\n\n\n\n<li>Flydebro: 80 m\u00b2<\/li>\n\n\n\n<li>B\u00f8rnebro: 25 m\u00b2<\/li>\n\n\n\n<li>Bassin: 320 m\u00b2<\/li>\n\n\n\n<li>Tribune: 25 m\u00b2<\/li>\n\n\n\n<li>Servicebygning: 50 m\u00b2<\/li>\n<\/ul>\n","protected":false},"excerpt":{"rendered":"<p>Havnebadet skal indrettes til badning, ophold og fiskeri. Havnebadet er en udvidelse af den eksisterende anl\u00f8bsbro, som udvides med en ny fast b\u00f8lgeformet bro. P\u00e5 broen skal v\u00e6re en aflang servicebygning, som indeholder omkl\u00e6dning, bad, toilet og sauna. Der skal v\u00e6re en \u201cflyvende\u201d tribune, hvorfra man kan f\u00f8lge med i alt omkring havnebadet eller bare [&hellip;]<\/p>\n","protected":false},"author":1,"featured_media":0,"parent":0,"menu_order":0,"comment_status":"closed","ping_status":"closed","template":"","meta":{"footnotes":""},"class_list":["post-15","page","type-page","status-publish","hentry"],"_links":{"self":[{"href":"https:\/\/www.vorbad.dk\/index.php?rest_route=\/wp\/v2\/pages\/15","targetHints":{"allow":["GET"]}}],"collection":[{"href":"https:\/\/www.vorbad.dk\/index.php?rest_route=\/wp\/v2\/pages"}],"about":[{"href":"https:\/\/www.vorbad.dk\/index.php?rest_route=\/wp\/v2\/types\/page"}],"author":[{"embeddable":true,"href":"https:\/\/www.vorbad.dk\/index.php?rest_route=\/wp\/v2\/users\/1"}],"replies":[{"embeddable":true,"href":"https:\/\/www.vorbad.dk\/index.php?rest_route=%2Fwp%2Fv2%2Fcomments&post=15"}],"version-history":[{"count":13,"href":"https:\/\/www.vorbad.dk\/index.php?rest_route=\/wp\/v2\/pages\/15\/revisions"}],"predecessor-version":[{"id":433,"href":"https:\/\/www.vorbad.dk\/index.php?rest_route=\/wp\/v2\/pages\/15\/revisions\/433"}],"wp:attachment":[{"href":"https:\/\/www.vorbad.dk\/index.php?rest_route=%2Fwp%2Fv2%2Fmedia&parent=15"}],"curies":[{"name":"wp","href":"https:\/\/api.w.org\/{rel}","templated":true}]}}